{"id":253,"date":"2020-09-18T07:31:39","date_gmt":"2020-09-18T07:31:39","guid":{"rendered":"https:\/\/dr-xpansionjoints.be\/?page_id=253"},"modified":"2021-02-10T11:14:02","modified_gmt":"2021-02-10T11:14:02","slug":"migutan","status":"publish","type":"page","link":"https:\/\/dr-xpansionjoints.be\/fr\/migutan\/","title":{"rendered":"Migutan"},"content":{"rendered":"\t\t<div data-elementor-type=\"wp-page\" data-elementor-id=\"253\" class=\"elementor elementor-253 elementor-46\" data-elementor-post-type=\"page\">\n\t\t\t\t\t\t<section class=\"elementor-section elementor-top-section elementor-element elementor-element-566a72c3 elementor-section-stretched elementor-section-boxed elementor-section-height-default elementor-section-height-default\" data-id=\"566a72c3\" data-element_type=\"section\" data-settings=\"{&quot;stretch_section&quot;:&quot;section-stretched&quot;,&quot;background_background&quot;:&quot;classic&quot;}\">\n\t\t\t\t\t\t\t<div class=\"elementor-background-overlay\"><\/div>\n\t\t\t\t\t\t\t<div class=\"elementor-container elementor-column-gap-wider\">\n\t\t\t\t\t<div class=\"elementor-column elementor-col-100 elementor-top-column elementor-element elementor-element-31cbea13\" data-id=\"31cbea13\" data-element_type=\"column\">\n\t\t\t<div class=\"elementor-widget-wrap elementor-element-populated\">\n\t\t\t\t\t\t<div class=\"elementor-element elementor-element-71ad164e elementor-widget elementor-widget-heading\" data-id=\"71ad164e\" data-element_type=\"widget\" data-widget_type=\"heading.default\">\n\t\t\t\t<div class=\"elementor-widget-container\">\n\t\t\t<h2 class=\"elementor-heading-title elementor-size-default\">Migutan<\/h2>\t\t<\/div>\n\t\t\t\t<\/div>\n\t\t\t\t<div class=\"elementor-element elementor-element-063972a elementor-widget elementor-widget-text-editor\" data-id=\"063972a\" data-element_type=\"widget\" data-widget_type=\"text-editor.default\">\n\t\t\t\t<div class=\"elementor-widget-container\">\n\t\t\t\t\t\t\t<p>Syst\u00e8mes de joints de dilatation \u00e9tanches \u00e0 l\u2019eau pour le traffic<\/p>\t\t\t\t\t\t<\/div>\n\t\t\t\t<\/div>\n\t\t\t\t\t<\/div>\n\t\t<\/div>\n\t\t\t\t\t<\/div>\n\t\t<\/section>\n\t\t\t\t<section class=\"elementor-section elementor-top-section elementor-element elementor-element-b09619c elementor-section-content-top elementor-section-stretched elementor-section-boxed elementor-section-height-default elementor-section-height-default\" data-id=\"b09619c\" data-element_type=\"section\" data-settings=\"{&quot;stretch_section&quot;:&quot;section-stretched&quot;,&quot;background_background&quot;:&quot;classic&quot;}\">\n\t\t\t\t\t\t<div class=\"elementor-container elementor-column-gap-default\">\n\t\t\t\t\t<div class=\"elementor-column elementor-col-50 elementor-top-column elementor-element elementor-element-4b22dce\" data-id=\"4b22dce\" data-element_type=\"column\">\n\t\t\t<div class=\"elementor-widget-wrap elementor-element-populated\">\n\t\t\t\t\t\t<div class=\"elementor-element elementor-element-6156c5b elementor-widget elementor-widget-text-editor\" data-id=\"6156c5b\" data-element_type=\"widget\" data-widget_type=\"text-editor.default\">\n\t\t\t\t<div class=\"elementor-widget-container\">\n\t\t\t\t\t\t\t<h3><strong>La vaste gamme de syst\u00e8mes de joints de dilatation \u00e9tanches pour les couches bitumineuses, les couches sup\u00e9rieures, les \u00e9tanch\u00e9ites liquides et l&rsquo;installation dans le b\u00e9ton.<\/strong><\/h3>\t\t\t\t\t\t<\/div>\n\t\t\t\t<\/div>\n\t\t\t\t<div class=\"elementor-element elementor-element-fa642e6 elementor-widget elementor-widget-image\" data-id=\"fa642e6\" data-element_type=\"widget\" data-widget_type=\"image.default\">\n\t\t\t\t<div class=\"elementor-widget-container\">\n\t\t\t\t\t\t\t\t\t\t\t\t\t<img fetchpriority=\"high\" decoding=\"async\" width=\"300\" height=\"300\" src=\"https:\/\/dr-xpansionjoints.be\/wp-content\/uploads\/2021\/01\/MIGUTAN-1-300x300.png\" class=\"attachment-medium size-medium wp-image-613\" alt=\"\" srcset=\"https:\/\/dr-xpansionjoints.be\/wp-content\/uploads\/2021\/01\/MIGUTAN-1-300x300.png 300w, https:\/\/dr-xpansionjoints.be\/wp-content\/uploads\/2021\/01\/MIGUTAN-1-150x150.png 150w, https:\/\/dr-xpansionjoints.be\/wp-content\/uploads\/2021\/01\/MIGUTAN-1.png 500w\" sizes=\"(max-width: 300px) 100vw, 300px\" \/>\t\t\t\t\t\t\t\t\t\t\t\t\t<\/div>\n\t\t\t\t<\/div>\n\t\t\t\t<div class=\"elementor-element elementor-element-7a9e82f elementor-widget elementor-widget-button\" data-id=\"7a9e82f\" data-element_type=\"widget\" data-widget_type=\"button.default\">\n\t\t\t\t<div class=\"elementor-widget-container\">\n\t\t\t\t\t<div class=\"elementor-button-wrapper\">\n\t\t\t<a class=\"elementor-button elementor-button-link elementor-size-sm\" href=\"https:\/\/www.migua.com\/fr\/produits\/migutan\/\" target=\"_blank\">\n\t\t\t\t\t\t<span class=\"elementor-button-content-wrapper\">\n\t\t\t\t\t\t<span class=\"elementor-button-icon elementor-align-icon-left\">\n\t\t\t\t<i aria-hidden=\"true\" class=\"fas fa-arrow-right\"><\/i>\t\t\t<\/span>\n\t\t\t\t\t\t\t\t\t<span class=\"elementor-button-text\">Consulter les fiches techniques<\/span>\n\t\t\t\t\t<\/span>\n\t\t\t\t\t<\/a>\n\t\t<\/div>\n\t\t\t\t<\/div>\n\t\t\t\t<\/div>\n\t\t\t\t\t<\/div>\n\t\t<\/div>\n\t\t\t\t<div class=\"elementor-column elementor-col-50 elementor-top-column elementor-element elementor-element-4d9a856\" data-id=\"4d9a856\" data-element_type=\"column\">\n\t\t\t<div class=\"elementor-widget-wrap elementor-element-populated\">\n\t\t\t\t\t\t<div class=\"elementor-element elementor-element-46cd889 elementor-widget elementor-widget-text-editor\" data-id=\"46cd889\" data-element_type=\"widget\" data-widget_type=\"text-editor.default\">\n\t\t\t\t<div class=\"elementor-widget-container\">\n\t\t\t\t\t\t\t<strong>Dans de nombreux projets de construction du secteur public ou priv\u00e9, les syst\u00e8mes \u00e9tanches \u00e0 joints de dilatation rev\u00eatent une importance vitale pour la protection des constructions :<\/strong><br><br>les parties b\u00e2ties des parkings automobiles, les parkings automobiles \u00e0 \u00e9tages ou souterrains, passerelles pour pi\u00e9tons, salles d&rsquo;exposition, cuisines, zones de piscines, h\u00f4pitaux, installations sportives et stades doivent tous \u00eatre prot\u00e9g\u00e9s contre les infiltrations d&rsquo;eau. Des syst\u00e8mes \u00e0 joints de dilatation bien con\u00e7us, durables, robustes et \u00e9tanches \u00e0 100 % s&rsquo;imposent dans tous ces cas. Les nombreuses exigences en mati\u00e8re de physique du b\u00e2timent requi\u00e8rent des solutions de construction individuelles de types parfois fondamentalement diff\u00e9rents.\n<br><br>\nL&rsquo;\u00e9l\u00e9ment commun \u00e0 tous les syst\u00e8mes MIGUTAN est une technologie in\u00e9dite : un insert interchangeable dot\u00e9 d&rsquo;une fonction de scellement sur le dessus de la surface. En Europe, MIGUA jouit d&rsquo;une r\u00e9putation de leader technologique dans le domaine des syst\u00e8mes \u00e9tanches \u00e0 joints de dilatation. Avec MIGUTAN, les concepteurs et architectes disposent d&rsquo;un syst\u00e8me \u00e9prouv\u00e9 dans toute une s\u00e9rie d&rsquo;applications. Compl\u00e9t\u00e9 par un syst\u00e8me complet et bien pens\u00e9 d&rsquo;intersections, de terminaisons finales et de transitions, MIGUTAN offre une solution s\u00fbre pour chaque cas individuel.\t\t\t\t\t\t<\/div>\n\t\t\t\t<\/div>\n\t\t\t\t\t<\/div>\n\t\t<\/div>\n\t\t\t\t\t<\/div>\n\t\t<\/section>\n\t\t\t\t<\/div>\n\t\t","protected":false},"excerpt":{"rendered":"<p>Migutan Syst\u00e8mes de joints de dilatation \u00e9tanches \u00e0 l\u2019eau pour le traffic La vaste gamme de syst\u00e8mes de joints de dilatation \u00e9tanches pour les couches bitumineuses, les couches sup\u00e9rieures, les \u00e9tanch\u00e9ites liquides et l&rsquo;installation dans le b\u00e9ton. Consulter les fiches techniques Dans de nombreux projets de construction du secteur public ou priv\u00e9, les syst\u00e8mes \u00e9tanches&hellip;<\/p>\n","protected":false},"author":1,"featured_media":0,"parent":0,"menu_order":0,"comment_status":"closed","ping_status":"closed","template":"","meta":{"footnotes":""},"yoast_head":"<!-- This site is optimized with the Yoast SEO plugin v22.8 - https:\/\/yoast.com\/wordpress\/plugins\/seo\/ -->\n<title>Migutan - DR-Xpansion joints<\/title>\n<meta name=\"robots\" content=\"index, follow, max-snippet:-1, max-image-preview:large, max-video-preview:-1\" \/>\n<link rel=\"canonical\" href=\"https:\/\/dr-xpansionjoints.be\/migutan\/\" \/>\n<meta property=\"og:locale\" content=\"fr_FR\" \/>\n<meta property=\"og:type\" content=\"article\" \/>\n<meta property=\"og:title\" content=\"Migutan - DR-Xpansion joints\" \/>\n<meta property=\"og:description\" content=\"Migutan Syst\u00e8mes de joints de dilatation \u00e9tanches \u00e0 l\u2019eau pour le traffic La vaste gamme de syst\u00e8mes de joints de dilatation \u00e9tanches pour les couches bitumineuses, les couches sup\u00e9rieures, les \u00e9tanch\u00e9ites liquides et l&rsquo;installation dans le b\u00e9ton. Consulter les fiches techniques Dans de nombreux projets de construction du secteur public ou priv\u00e9, les syst\u00e8mes \u00e9tanches&hellip;\" \/>\n<meta property=\"og:url\" content=\"https:\/\/dr-xpansionjoints.be\/migutan\/\" \/>\n<meta property=\"og:site_name\" content=\"DR-Xpansion joints\" \/>\n<meta property=\"article:modified_time\" content=\"2021-02-10T11:14:02+00:00\" \/>\n<meta property=\"og:image\" content=\"https:\/\/dr-xpansionjoints.be\/wp-content\/uploads\/2021\/01\/MIGUTAN-1-300x300.png\" \/>\n<meta name=\"twitter:card\" content=\"summary_large_image\" \/>\n<script type=\"application\/ld+json\" class=\"yoast-schema-graph\">{\"@context\":\"https:\/\/schema.org\",\"@graph\":[{\"@type\":\"WebPage\",\"@id\":\"https:\/\/dr-xpansionjoints.be\/migutan\/\",\"url\":\"https:\/\/dr-xpansionjoints.be\/migutan\/\",\"name\":\"Migutan - DR-Xpansion joints\",\"isPartOf\":{\"@id\":\"https:\/\/dr-xpansionjoints.be\/#website\"},\"primaryImageOfPage\":{\"@id\":\"https:\/\/dr-xpansionjoints.be\/migutan\/#primaryimage\"},\"image\":{\"@id\":\"https:\/\/dr-xpansionjoints.be\/migutan\/#primaryimage\"},\"thumbnailUrl\":\"https:\/\/dr-xpansionjoints.be\/wp-content\/uploads\/2021\/01\/MIGUTAN-1-300x300.png\",\"datePublished\":\"2020-09-18T07:31:39+00:00\",\"dateModified\":\"2021-02-10T11:14:02+00:00\",\"breadcrumb\":{\"@id\":\"https:\/\/dr-xpansionjoints.be\/migutan\/#breadcrumb\"},\"inLanguage\":\"fr-FR\",\"potentialAction\":[{\"@type\":\"ReadAction\",\"target\":[\"https:\/\/dr-xpansionjoints.be\/migutan\/\"]}]},{\"@type\":\"ImageObject\",\"inLanguage\":\"fr-FR\",\"@id\":\"https:\/\/dr-xpansionjoints.be\/migutan\/#primaryimage\",\"url\":\"https:\/\/dr-xpansionjoints.be\/wp-content\/uploads\/2021\/01\/MIGUTAN-1-300x300.png\",\"contentUrl\":\"https:\/\/dr-xpansionjoints.be\/wp-content\/uploads\/2021\/01\/MIGUTAN-1-300x300.png\"},{\"@type\":\"BreadcrumbList\",\"@id\":\"https:\/\/dr-xpansionjoints.be\/migutan\/#breadcrumb\",\"itemListElement\":[{\"@type\":\"ListItem\",\"position\":1,\"name\":\"Home\",\"item\":\"https:\/\/dr-xpansionjoints.be\/fr\/\"},{\"@type\":\"ListItem\",\"position\":2,\"name\":\"Migutan\"}]},{\"@type\":\"WebSite\",\"@id\":\"https:\/\/dr-xpansionjoints.be\/#website\",\"url\":\"https:\/\/dr-xpansionjoints.be\/\",\"name\":\"DR-Xpansion joints\",\"description\":\"dilatatievoegen\",\"publisher\":{\"@id\":\"https:\/\/dr-xpansionjoints.be\/#organization\"},\"potentialAction\":[{\"@type\":\"SearchAction\",\"target\":{\"@type\":\"EntryPoint\",\"urlTemplate\":\"https:\/\/dr-xpansionjoints.be\/?s={search_term_string}\"},\"query-input\":\"required name=search_term_string\"}],\"inLanguage\":\"fr-FR\"},{\"@type\":\"Organization\",\"@id\":\"https:\/\/dr-xpansionjoints.be\/#organization\",\"name\":\"DR-Xpansion joints\",\"url\":\"https:\/\/dr-xpansionjoints.be\/\",\"logo\":{\"@type\":\"ImageObject\",\"inLanguage\":\"fr-FR\",\"@id\":\"https:\/\/dr-xpansionjoints.be\/#\/schema\/logo\/image\/\",\"url\":\"https:\/\/dr-xpansionjoints.be\/wp-content\/uploads\/2020\/07\/dr-xpansion-joints-180px-e1595575442465.png\",\"contentUrl\":\"https:\/\/dr-xpansionjoints.be\/wp-content\/uploads\/2020\/07\/dr-xpansion-joints-180px-e1595575442465.png\",\"width\":120,\"height\":65,\"caption\":\"DR-Xpansion joints\"},\"image\":{\"@id\":\"https:\/\/dr-xpansionjoints.be\/#\/schema\/logo\/image\/\"}}]}<\/script>\n<!-- \/ Yoast SEO plugin. -->","yoast_head_json":{"title":"Migutan - DR-Xpansion joints","robots":{"index":"index","follow":"follow","max-snippet":"max-snippet:-1","max-image-preview":"max-image-preview:large","max-video-preview":"max-video-preview:-1"},"canonical":"https:\/\/dr-xpansionjoints.be\/migutan\/","og_locale":"fr_FR","og_type":"article","og_title":"Migutan - DR-Xpansion joints","og_description":"Migutan Syst\u00e8mes de joints de dilatation \u00e9tanches \u00e0 l\u2019eau pour le traffic La vaste gamme de syst\u00e8mes de joints de dilatation \u00e9tanches pour les couches bitumineuses, les couches sup\u00e9rieures, les \u00e9tanch\u00e9ites liquides et l&rsquo;installation dans le b\u00e9ton. Consulter les fiches techniques Dans de nombreux projets de construction du secteur public ou priv\u00e9, les syst\u00e8mes \u00e9tanches&hellip;","og_url":"https:\/\/dr-xpansionjoints.be\/migutan\/","og_site_name":"DR-Xpansion joints","article_modified_time":"2021-02-10T11:14:02+00:00","og_image":[{"url":"https:\/\/dr-xpansionjoints.be\/wp-content\/uploads\/2021\/01\/MIGUTAN-1-300x300.png"}],"twitter_card":"summary_large_image","schema":{"@context":"https:\/\/schema.org","@graph":[{"@type":"WebPage","@id":"https:\/\/dr-xpansionjoints.be\/migutan\/","url":"https:\/\/dr-xpansionjoints.be\/migutan\/","name":"Migutan - DR-Xpansion joints","isPartOf":{"@id":"https:\/\/dr-xpansionjoints.be\/#website"},"primaryImageOfPage":{"@id":"https:\/\/dr-xpansionjoints.be\/migutan\/#primaryimage"},"image":{"@id":"https:\/\/dr-xpansionjoints.be\/migutan\/#primaryimage"},"thumbnailUrl":"https:\/\/dr-xpansionjoints.be\/wp-content\/uploads\/2021\/01\/MIGUTAN-1-300x300.png","datePublished":"2020-09-18T07:31:39+00:00","dateModified":"2021-02-10T11:14:02+00:00","breadcrumb":{"@id":"https:\/\/dr-xpansionjoints.be\/migutan\/#breadcrumb"},"inLanguage":"fr-FR","potentialAction":[{"@type":"ReadAction","target":["https:\/\/dr-xpansionjoints.be\/migutan\/"]}]},{"@type":"ImageObject","inLanguage":"fr-FR","@id":"https:\/\/dr-xpansionjoints.be\/migutan\/#primaryimage","url":"https:\/\/dr-xpansionjoints.be\/wp-content\/uploads\/2021\/01\/MIGUTAN-1-300x300.png","contentUrl":"https:\/\/dr-xpansionjoints.be\/wp-content\/uploads\/2021\/01\/MIGUTAN-1-300x300.png"},{"@type":"BreadcrumbList","@id":"https:\/\/dr-xpansionjoints.be\/migutan\/#breadcrumb","itemListElement":[{"@type":"ListItem","position":1,"name":"Home","item":"https:\/\/dr-xpansionjoints.be\/fr\/"},{"@type":"ListItem","position":2,"name":"Migutan"}]},{"@type":"WebSite","@id":"https:\/\/dr-xpansionjoints.be\/#website","url":"https:\/\/dr-xpansionjoints.be\/","name":"DR-Xpansion joints","description":"dilatatievoegen","publisher":{"@id":"https:\/\/dr-xpansionjoints.be\/#organization"},"potentialAction":[{"@type":"SearchAction","target":{"@type":"EntryPoint","urlTemplate":"https:\/\/dr-xpansionjoints.be\/?s={search_term_string}"},"query-input":"required name=search_term_string"}],"inLanguage":"fr-FR"},{"@type":"Organization","@id":"https:\/\/dr-xpansionjoints.be\/#organization","name":"DR-Xpansion joints","url":"https:\/\/dr-xpansionjoints.be\/","logo":{"@type":"ImageObject","inLanguage":"fr-FR","@id":"https:\/\/dr-xpansionjoints.be\/#\/schema\/logo\/image\/","url":"https:\/\/dr-xpansionjoints.be\/wp-content\/uploads\/2020\/07\/dr-xpansion-joints-180px-e1595575442465.png","contentUrl":"https:\/\/dr-xpansionjoints.be\/wp-content\/uploads\/2020\/07\/dr-xpansion-joints-180px-e1595575442465.png","width":120,"height":65,"caption":"DR-Xpansion joints"},"image":{"@id":"https:\/\/dr-xpansionjoints.be\/#\/schema\/logo\/image\/"}}]}},"_links":{"self":[{"href":"https:\/\/dr-xpansionjoints.be\/fr\/wp-json\/wp\/v2\/pages\/253"}],"collection":[{"href":"https:\/\/dr-xpansionjoints.be\/fr\/wp-json\/wp\/v2\/pages"}],"about":[{"href":"https:\/\/dr-xpansionjoints.be\/fr\/wp-json\/wp\/v2\/types\/page"}],"author":[{"embeddable":true,"href":"https:\/\/dr-xpansionjoints.be\/fr\/wp-json\/wp\/v2\/users\/1"}],"replies":[{"embeddable":true,"href":"https:\/\/dr-xpansionjoints.be\/fr\/wp-json\/wp\/v2\/comments?post=253"}],"version-history":[{"count":20,"href":"https:\/\/dr-xpansionjoints.be\/fr\/wp-json\/wp\/v2\/pages\/253\/revisions"}],"predecessor-version":[{"id":979,"href":"https:\/\/dr-xpansionjoints.be\/fr\/wp-json\/wp\/v2\/pages\/253\/revisions\/979"}],"wp:attachment":[{"href":"https:\/\/dr-xpansionjoints.be\/fr\/wp-json\/wp\/v2\/media?parent=253"}],"curies":[{"name":"wp","href":"https:\/\/api.w.org\/{rel}","templated":true}]}}